{"id":506,"date":"2020-06-23T12:18:04","date_gmt":"2020-06-23T10:18:04","guid":{"rendered":"https:\/\/www.biovox.systems\/?page_id=506"},"modified":"2024-06-27T08:43:42","modified_gmt":"2024-06-27T06:43:42","slug":"newsletter-registration","status":"publish","type":"page","link":"https:\/\/www.biovox.systems\/en\/newsletter-registration\/","title":{"rendered":"BIOVOX Newsletter"},"content":{"rendered":"\t\t<div data-elementor-type=\"wp-page\" data-elementor-id=\"506\" class=\"elementor elementor-506\" data-elementor-post-type=\"page\">\n\t\t\t\t\t\t<section class=\"elementor-section elementor-top-section elementor-element elementor-element-be91aad elementor-section-boxed elementor-section-height-default elementor-section-height-default\" data-id=\"be91aad\" data-element_type=\"section\" data-e-type=\"section\">\n\t\t\t\t\t\t<div class=\"elementor-container elementor-column-gap-default\">\n\t\t\t\t\t<div class=\"elementor-column elementor-col-33 elementor-top-column elementor-element elementor-element-b3f8afd\" data-id=\"b3f8afd\" data-element_type=\"column\" data-e-type=\"column\">\n\t\t\t<div class=\"elementor-widget-wrap elementor-element-populated\">\n\t\t\t\t\t\t<div class=\"elementor-element elementor-element-56738fe elementor-widget elementor-widget-image\" data-id=\"56738fe\" data-element_type=\"widget\" data-e-type=\"widget\" data-widget_type=\"image.default\">\n\t\t\t\t<div class=\"elementor-widget-container\">\n\t\t\t\t\t\t\t\t\t\t\t\t\t\t\t<img fetchpriority=\"high\" decoding=\"async\" width=\"1024\" height=\"1024\" src=\"https:\/\/www.biovox.systems\/wp-content\/uploads\/2021\/08\/Biovox-Graphics_Triangle-8-1024x1024.png\" class=\"attachment-large size-large wp-image-2496\" alt=\"Information\" srcset=\"https:\/\/www.biovox.systems\/wp-content\/uploads\/2021\/08\/Biovox-Graphics_Triangle-8-1024x1024.png 1024w, https:\/\/www.biovox.systems\/wp-content\/uploads\/2021\/08\/Biovox-Graphics_Triangle-8-300x300.png 300w, https:\/\/www.biovox.systems\/wp-content\/uploads\/2021\/08\/Biovox-Graphics_Triangle-8-150x150.png 150w, https:\/\/www.biovox.systems\/wp-content\/uploads\/2021\/08\/Biovox-Graphics_Triangle-8-768x768.png 768w, https:\/\/www.biovox.systems\/wp-content\/uploads\/2021\/08\/Biovox-Graphics_Triangle-8-1536x1536.png 1536w, https:\/\/www.biovox.systems\/wp-content\/uploads\/2021\/08\/Biovox-Graphics_Triangle-8-2048x2048.png 2048w, https:\/\/www.biovox.systems\/wp-content\/uploads\/2021\/08\/Biovox-Graphics_Triangle-8-12x12.png 12w, https:\/\/www.biovox.systems\/wp-content\/uploads\/2021\/08\/Biovox-Graphics_Triangle-8-1320x1321.png 1320w\" sizes=\"(max-width: 1024px) 100vw, 1024px\" \/>\t\t\t\t\t\t\t\t\t\t\t\t\t\t\t<\/div>\n\t\t\t\t<\/div>\n\t\t\t\t\t<\/div>\n\t\t<\/div>\n\t\t\t\t<div class=\"elementor-column elementor-col-66 elementor-top-column elementor-element elementor-element-b8765d6\" data-id=\"b8765d6\" data-element_type=\"column\" data-e-type=\"column\">\n\t\t\t<div class=\"elementor-widget-wrap elementor-element-populated\">\n\t\t\t\t\t\t<div class=\"elementor-element elementor-element-4df7fc8 elementor-widget elementor-widget-wp-widget-mailpoet_form\" data-id=\"4df7fc8\" data-element_type=\"widget\" data-e-type=\"widget\" data-widget_type=\"wp-widget-mailpoet_form.default\">\n\t\t\t\t<div class=\"elementor-widget-container\">\n\t\t\t\t\t  \n      <h5>Abonniere unseren Newsletter<\/h5>\n  \n  <div class=\"\n    mailpoet_form_popup_overlay\n      \"><\/div>\n  <div\n    id=\"mailpoet_form_2\"\n    class=\"\n      mailpoet_form\n      mailpoet_form_widget\n      mailpoet_form_position_\n      mailpoet_form_animation_\n    \"\n      >\n\n    <style type=\"text\/css\">\n     #mailpoet_form_2 .mailpoet_form {  }\n#mailpoet_form_2 .mailpoet_column_with_background { padding: 10px; }\n#mailpoet_form_2 .mailpoet_form_column:not(:first-child) { margin-left: 20px; }\n#mailpoet_form_2 .mailpoet_paragraph { line-height: 20px; margin-bottom: 20px; }\n#mailpoet_form_2 .mailpoet_segment_label, #mailpoet_form_2 .mailpoet_text_label, #mailpoet_form_2 .mailpoet_textarea_label, #mailpoet_form_2 .mailpoet_select_label, #mailpoet_form_2 .mailpoet_radio_label, #mailpoet_form_2 .mailpoet_checkbox_label, #mailpoet_form_2 .mailpoet_list_label, #mailpoet_form_2 .mailpoet_date_label { display: block; font-weight: normal; }\n#mailpoet_form_2 .mailpoet_text, #mailpoet_form_2 .mailpoet_textarea, #mailpoet_form_2 .mailpoet_select, #mailpoet_form_2 .mailpoet_date_month, #mailpoet_form_2 .mailpoet_date_day, #mailpoet_form_2 .mailpoet_date_year, #mailpoet_form_2 .mailpoet_date { display: block; }\n#mailpoet_form_2 .mailpoet_text, #mailpoet_form_2 .mailpoet_textarea { width: 200px; }\n#mailpoet_form_2 .mailpoet_checkbox {  }\n#mailpoet_form_2 .mailpoet_submit {  }\n#mailpoet_form_2 .mailpoet_divider {  }\n#mailpoet_form_2 .mailpoet_message {  }\n#mailpoet_form_2 .mailpoet_form_loading { width: 30px; text-align: center; line-height: normal; }\n#mailpoet_form_2 .mailpoet_form_loading > span { width: 5px; height: 5px; background-color: #5b5b5b; }#mailpoet_form_2{border-radius: 0px;text-align: left;}#mailpoet_form_2 form.mailpoet_form {padding: 10px;}#mailpoet_form_2{width: 100%;}#mailpoet_form_2 .mailpoet_message {margin: 0; padding: 0 20px;}#mailpoet_form_2 .mailpoet_paragraph.last {margin-bottom: 0} @media (max-width: 500px) {#mailpoet_form_2 {background-image: none;}} @media (min-width: 500px) {#mailpoet_form_2 .last .mailpoet_paragraph:last-child {margin-bottom: 0}}  @media (max-width: 500px) {#mailpoet_form_2 .mailpoet_form_column:last-child .mailpoet_paragraph:last-child {margin-bottom: 0}} \n    <\/style>\n\n    <form\n      target=\"_self\"\n      method=\"post\"\n      action=\"https:\/\/www.biovox.systems\/wp-admin\/admin-post.php?action=mailpoet_subscription_form\"\n      class=\"mailpoet_form mailpoet_form_form mailpoet_form_widget\"\n      novalidate\n      data-delay=\"\"\n      data-exit-intent-enabled=\"\"\n      data-trigger-mode=\"\"\n      data-click-trigger-selector=\"\"\n      data-font-family=\"\"\n      data-cookie-expiration-time=\"\"\n    >\n      <input type=\"hidden\" name=\"data[form_id]\" value=\"2\" \/>\n      <input type=\"hidden\" name=\"token\" value=\"71451fa250\" \/>\n      <input type=\"hidden\" name=\"api_version\" value=\"v1\" \/>\n      <input type=\"hidden\" name=\"endpoint\" value=\"subscribers\" \/>\n      <input type=\"hidden\" name=\"mailpoet_method\" value=\"subscribe\" \/>\n\n      <label class=\"mailpoet_hp_email_label\" style=\"display: none !important;\">Please leave this field empty<input type=\"email\" name=\"data[email]\"\/><\/label><h3 class=\"mailpoet-heading  mailpoet-has-font-size\" id=\"bleiben-sie-informiert-nachhaltig-mit-hochwertigem-content\" style=\"text-align: left; font-size: 20px\">Bleiben Sie informiert - nachhaltig &amp; mit hochwertigem Content<\/h3>\n<div class=\"mailpoet_paragraph \"><fieldset><legend class=\"mailpoet_segment_label\" style=\"font-size: 16px;line-height: 1.2;\">W\u00e4hlen Sie die f\u00fcr Sie relevanten Newsletter aus:<\/legend><label class=\"mailpoet_checkbox_label\" for=\"mailpoet_segment_1\" style=\"font-size: 16px;line-height: 1.2;\"><input type=\"checkbox\" class=\"mailpoet_checkbox\" id=\"mailpoet_segment_1\" name=\"data[form_field_YmEwODZkZWVkNGVlX3NlZ21lbnRz][]\" value=\"6\"  data-parsley-errors-container=\".mailpoet_error_mddit\" data-parsley-required=\"true\" required aria-required=\"true\" data-parsley-group=\"segments\" data-parsley-required-message=\"Please select a list.\" \/> BIOVOX Newsletter Healthcare Plastics<\/label><label class=\"mailpoet_checkbox_label\" for=\"mailpoet_segment_2\" style=\"font-size: 16px;line-height: 1.2;\"><input type=\"checkbox\" class=\"mailpoet_checkbox\" id=\"mailpoet_segment_2\" name=\"data[form_field_YmEwODZkZWVkNGVlX3NlZ21lbnRz][]\" value=\"8\"  data-parsley-errors-container=\".mailpoet_error_mddit\" data-parsley-required=\"true\" required aria-required=\"true\" data-parsley-group=\"segments\" data-parsley-required-message=\"Please select a list.\" \/> BIOVOX Food &amp; Cosmetics Newsletter<\/label><label class=\"mailpoet_checkbox_label\" for=\"mailpoet_segment_3\" style=\"font-size: 16px;line-height: 1.2;\"><input type=\"checkbox\" class=\"mailpoet_checkbox\" id=\"mailpoet_segment_3\" name=\"data[form_field_YmEwODZkZWVkNGVlX3NlZ21lbnRz][]\" value=\"7\"  data-parsley-errors-container=\".mailpoet_error_mddit\" data-parsley-required=\"true\" required aria-required=\"true\" data-parsley-group=\"segments\" data-parsley-required-message=\"Please select a list.\" \/> BIOVOX Hygiene Newsletter<\/label><label class=\"mailpoet_checkbox_label\" for=\"mailpoet_segment_4\" style=\"font-size: 16px;line-height: 1.2;\"><input type=\"checkbox\" class=\"mailpoet_checkbox\" id=\"mailpoet_segment_4\" name=\"data[form_field_YmEwODZkZWVkNGVlX3NlZ21lbnRz][]\" value=\"5\"  data-parsley-errors-container=\".mailpoet_error_mddit\" data-parsley-required=\"true\" required aria-required=\"true\" data-parsley-group=\"segments\" data-parsley-required-message=\"Please select a list.\" \/> Be Part of BIOVOX Newsletter<\/label><span class=\"mailpoet_error_mddit\"><\/span><\/fieldset><\/div>\n<div class=\"mailpoet_paragraph \"><input type=\"text\" autocomplete=\"given-name\" class=\"mailpoet_text\" id=\"form_first_name_2\" name=\"data[form_field_ZTQ0YzQwMGNlNzhjX2ZpcnN0X25hbWU=]\" title=\"Vorname\" value=\"\" style=\"width:100%;box-sizing:border-box;padding:5px;margin: 0 auto 0 0;font-size:16px;line-height:1.5;height:auto;\" data-automation-id=\"form_first_name\"  placeholder=\"Vorname *\" aria-label=\"Vorname *\" data-parsley-errors-container=\".mailpoet_error_1vrby\" data-parsley-names='[&quot;Please specify a valid name.&quot;,&quot;Addresses in names are not permitted, please add your name instead.&quot;]' data-parsley-required=\"true\" required aria-required=\"true\" data-parsley-required-message=\"This field is required.\"\/><span class=\"mailpoet_error_1vrby\"><\/span><\/div>\n<div class=\"mailpoet_paragraph \"><input type=\"text\" autocomplete=\"family-name\" class=\"mailpoet_text\" id=\"form_last_name_2\" name=\"data[form_field_NjEzZTg3NDc4MzM4X2xhc3RfbmFtZQ==]\" title=\"Nachname\" value=\"\" style=\"width:100%;box-sizing:border-box;padding:5px;margin: 0 auto 0 0;font-size:16px;line-height:1.5;height:auto;\" data-automation-id=\"form_last_name\"  placeholder=\"Nachname *\" aria-label=\"Nachname *\" data-parsley-errors-container=\".mailpoet_error_1l1v1\" data-parsley-names='[&quot;Please specify a valid name.&quot;,&quot;Addresses in names are not permitted, please add your name instead.&quot;]' data-parsley-required=\"true\" required aria-required=\"true\" data-parsley-required-message=\"This field is required.\"\/><span class=\"mailpoet_error_1l1v1\"><\/span><\/div>\n<div class=\"mailpoet_paragraph \"><input type=\"email\" autocomplete=\"email\" class=\"mailpoet_text\" id=\"form_email_2\" name=\"data[form_field_YzhkNjIyMzc3MDIwX2VtYWls]\" title=\"E-Mail\" value=\"\" style=\"width:100%;box-sizing:border-box;padding:5px;margin: 0 auto 0 0;font-size:16px;line-height:1.5;height:auto;\" data-automation-id=\"form_email\"  placeholder=\"E-Mail *\" aria-label=\"E-Mail *\" data-parsley-errors-container=\".mailpoet_error_pt4dz\" data-parsley-required=\"true\" required aria-required=\"true\" data-parsley-minlength=\"6\" data-parsley-maxlength=\"150\" data-parsley-type-message=\"This value should be a valid email.\" data-parsley-required-message=\"This field is required.\"\/><span class=\"mailpoet_error_pt4dz\"><\/span><\/div>\n<div class=\"mailpoet_paragraph \"><input type=\"text\" autocomplete=\"on\" class=\"mailpoet_text\" id=\"form_1_2\" name=\"data[cf_1]\" title=\"Organisation\" value=\"\" style=\"width:100%;box-sizing:border-box;padding:5px;margin: 0 auto 0 0;font-size:16px;line-height:1.5;height:auto;\"   placeholder=\"Organisation\" aria-label=\"Organisation\" data-parsley-errors-container=\".mailpoet_error_n1jfq\"\/><span class=\"mailpoet_error_n1jfq\"><\/span><\/div>\n<div class=\"mailpoet_paragraph \"><input type=\"submit\" class=\"mailpoet_submit\" value=\"Jetzt eintragen!\" data-automation-id=\"subscribe-submit-button\" style=\"width:100%;box-sizing:border-box;background-color:#00b0f0;border-style:solid;border-radius:0px !important;border-width:0px;border-color:#313131;padding:5px;margin: 0 auto 0 0;font-size:16px;line-height:1.5;height:auto;color:#ffffff;font-weight:bold;\" \/><span class=\"mailpoet_form_loading\"><span class=\"mailpoet_bounce1\"><\/span><span class=\"mailpoet_bounce2\"><\/span><span class=\"mailpoet_bounce3\"><\/span><\/span><\/div>\n<div class='mailpoet_form_columns_container'><div class=\"mailpoet_form_columns mailpoet_paragraph mailpoet_stack_on_mobile\"><div class=\"mailpoet_form_column\" style=\"flex-basis:66.66%;\"><p class=\"mailpoet_form_paragraph  mailpoet-has-font-size\" style=\"text-align: left; font-size: 16px\">Die BIOVOX-Newsletter erscheinen in variablen Abst\u00e4nden - und nur, wenn wir auch etwas zu sagen haben, was Ihnen n\u00fctzt.<br><br>Dabei k\u00f6nnen Sie zwischen den drei themenspezifischen Newslettern f\u00fcr Anwender und dem Be-Part-Newsletter f\u00fcr interessierte Menschen, Investorinnen, Investoren und vielleicht k\u00fcnftige Mitarbeiterinnen &amp; Mitarbeiter w\u00e4hlen.<\/p>\n<\/div>\n<div class=\"mailpoet_form_column\" style=\"flex-basis:33.33%;\"><\/div>\n<\/div><\/div>\n\n      <div class=\"mailpoet_message\">\n        <p class=\"mailpoet_validate_success\"\n                style=\"display:none;\"\n                >Bitte best\u00e4tigen Sie ihr kostenfreies Abonnement in der Best\u00e4tigungs-E-Mail. Pr\u00fcfen Sie auch Ihren Spam-Ordner.\n        <\/p>\n        <p class=\"mailpoet_validate_error\"\n                style=\"display:none;\"\n                >        <\/p>\n      <\/div>\n    <\/form>\n\n      <\/div>\n\n  \t\t\t\t<\/div>\n\t\t\t\t<\/div>\n\t\t\t\t\t<\/div>\n\t\t<\/div>\n\t\t\t\t\t<\/div>\n\t\t<\/section>\n\t\t\t\t<\/div>\n\t\t","protected":false},"excerpt":{"rendered":"","protected":false},"author":1,"featured_media":0,"parent":0,"menu_order":0,"comment_status":"closed","ping_status":"closed","template":"","meta":{"neve_meta_sidebar":"","neve_meta_container":"","neve_meta_enable_content_width":"","neve_meta_content_width":0,"neve_meta_title_alignment":"","neve_meta_author_avatar":"","neve_post_elements_order":"","neve_meta_disable_header":"","neve_meta_disable_footer":"","neve_meta_disable_title":"","footnotes":""},"class_list":["post-506","page","type-page","status-publish","hentry"],"yoast_head":"<!-- This site is optimized with the Yoast SEO plugin v27.5 - https:\/\/yoast.com\/product\/yoast-seo-wordpress\/ -->\n<title>BIOVOX Newsletter &#8211; BIOVOX Biokunststoffe<\/title>\n<meta name=\"robots\" content=\"index, follow, max-snippet:-1, max-image-preview:large, max-video-preview:-1\" \/>\n<link rel=\"canonical\" href=\"https:\/\/www.biovox.systems\/en\/newsletter-registration\/\" \/>\n<meta property=\"og:locale\" content=\"en_GB\" \/>\n<meta property=\"og:type\" content=\"article\" \/>\n<meta property=\"og:title\" content=\"BIOVOX Newsletter &#8211; BIOVOX Biokunststoffe\" \/>\n<meta property=\"og:url\" content=\"https:\/\/www.biovox.systems\/en\/newsletter-registration\/\" \/>\n<meta property=\"og:site_name\" content=\"BIOVOX Biokunststoffe\" \/>\n<meta property=\"article:publisher\" content=\"https:\/\/www.facebook.com\/BIOVOXsystems\" \/>\n<meta property=\"article:modified_time\" content=\"2024-06-27T06:43:42+00:00\" \/>\n<meta property=\"og:image\" content=\"https:\/\/www.biovox.systems\/wp-content\/uploads\/2021\/08\/Biovox-Graphics_Triangle-8-1024x1024.png\" \/>\n<meta name=\"twitter:card\" content=\"summary_large_image\" \/>\n<meta name=\"twitter:site\" content=\"@BiovoxSystems\" \/>\n<meta name=\"twitter:label1\" content=\"Estimated reading time\" \/>\n\t<meta name=\"twitter:data1\" content=\"2 minutes\" \/>\n<script type=\"application\/ld+json\" class=\"yoast-schema-graph\">{\"@context\":\"https:\\\/\\\/schema.org\",\"@graph\":[{\"@type\":\"WebPage\",\"@id\":\"https:\\\/\\\/www.biovox.systems\\\/newsletter-registration\\\/\",\"url\":\"https:\\\/\\\/www.biovox.systems\\\/newsletter-registration\\\/\",\"name\":\"BIOVOX Newsletter &#8211; BIOVOX Biokunststoffe\",\"isPartOf\":{\"@id\":\"https:\\\/\\\/www.biovox.systems\\\/#website\"},\"primaryImageOfPage\":{\"@id\":\"https:\\\/\\\/www.biovox.systems\\\/newsletter-registration\\\/#primaryimage\"},\"image\":{\"@id\":\"https:\\\/\\\/www.biovox.systems\\\/newsletter-registration\\\/#primaryimage\"},\"thumbnailUrl\":\"https:\\\/\\\/www.biovox.systems\\\/wp-content\\\/uploads\\\/2021\\\/08\\\/Biovox-Graphics_Triangle-8-1024x1024.png\",\"datePublished\":\"2020-06-23T10:18:04+00:00\",\"dateModified\":\"2024-06-27T06:43:42+00:00\",\"breadcrumb\":{\"@id\":\"https:\\\/\\\/www.biovox.systems\\\/newsletter-registration\\\/#breadcrumb\"},\"inLanguage\":\"en-GB\",\"potentialAction\":[{\"@type\":\"ReadAction\",\"target\":[\"https:\\\/\\\/www.biovox.systems\\\/newsletter-registration\\\/\"]}]},{\"@type\":\"ImageObject\",\"inLanguage\":\"en-GB\",\"@id\":\"https:\\\/\\\/www.biovox.systems\\\/newsletter-registration\\\/#primaryimage\",\"url\":\"https:\\\/\\\/www.biovox.systems\\\/wp-content\\\/uploads\\\/2021\\\/08\\\/Biovox-Graphics_Triangle-8-1024x1024.png\",\"contentUrl\":\"https:\\\/\\\/www.biovox.systems\\\/wp-content\\\/uploads\\\/2021\\\/08\\\/Biovox-Graphics_Triangle-8-1024x1024.png\"},{\"@type\":\"BreadcrumbList\",\"@id\":\"https:\\\/\\\/www.biovox.systems\\\/newsletter-registration\\\/#breadcrumb\",\"itemListElement\":[{\"@type\":\"ListItem\",\"position\":1,\"name\":\"Home\",\"item\":\"https:\\\/\\\/www.biovox.systems\\\/\"},{\"@type\":\"ListItem\",\"position\":2,\"name\":\"BIOVOX Newsletter\"}]},{\"@type\":\"WebSite\",\"@id\":\"https:\\\/\\\/www.biovox.systems\\\/#website\",\"url\":\"https:\\\/\\\/www.biovox.systems\\\/\",\"name\":\"BIOVOX Biokunststoffe\",\"description\":\"Biokunststoffe f\u00fcr Medizintechnik, Laborger\u00e4te, Verbrauchsmaterialien und Lebensmittelkontakt\",\"publisher\":{\"@id\":\"https:\\\/\\\/www.biovox.systems\\\/#organization\"},\"potentialAction\":[{\"@type\":\"SearchAction\",\"target\":{\"@type\":\"EntryPoint\",\"urlTemplate\":\"https:\\\/\\\/www.biovox.systems\\\/?s={search_term_string}\"},\"query-input\":{\"@type\":\"PropertyValueSpecification\",\"valueRequired\":true,\"valueName\":\"search_term_string\"}}],\"inLanguage\":\"en-GB\"},{\"@type\":\"Organization\",\"@id\":\"https:\\\/\\\/www.biovox.systems\\\/#organization\",\"name\":\"BIOVOX\",\"url\":\"https:\\\/\\\/www.biovox.systems\\\/\",\"logo\":{\"@type\":\"ImageObject\",\"inLanguage\":\"en-GB\",\"@id\":\"https:\\\/\\\/www.biovox.systems\\\/#\\\/schema\\\/logo\\\/image\\\/\",\"url\":\"https:\\\/\\\/www.biovox.systems\\\/wp-content\\\/uploads\\\/2021\\\/06\\\/Logo_BIOVOX_komp_png.png\",\"contentUrl\":\"https:\\\/\\\/www.biovox.systems\\\/wp-content\\\/uploads\\\/2021\\\/06\\\/Logo_BIOVOX_komp_png.png\",\"width\":1920,\"height\":600,\"caption\":\"BIOVOX\"},\"image\":{\"@id\":\"https:\\\/\\\/www.biovox.systems\\\/#\\\/schema\\\/logo\\\/image\\\/\"},\"sameAs\":[\"https:\\\/\\\/www.facebook.com\\\/BIOVOXsystems\",\"https:\\\/\\\/x.com\\\/BiovoxSystems\",\"https:\\\/\\\/www.instagram.com\\\/biovox.systems\",\"https:\\\/\\\/www.linkedin.com\\\/company\\\/30762147\",\"https:\\\/\\\/www.youtube.com\\\/channel\\\/UCzoqJ3T4WXelXspchGO2_gA\"]}]}<\/script>\n<!-- \/ Yoast SEO plugin. -->","yoast_head_json":{"title":"BIOVOX Newsletter &#8211; BIOVOX Biokunststoffe","robots":{"index":"index","follow":"follow","max-snippet":"max-snippet:-1","max-image-preview":"max-image-preview:large","max-video-preview":"max-video-preview:-1"},"canonical":"https:\/\/www.biovox.systems\/en\/newsletter-registration\/","og_locale":"en_GB","og_type":"article","og_title":"BIOVOX Newsletter &#8211; BIOVOX Biokunststoffe","og_url":"https:\/\/www.biovox.systems\/en\/newsletter-registration\/","og_site_name":"BIOVOX Biokunststoffe","article_publisher":"https:\/\/www.facebook.com\/BIOVOXsystems","article_modified_time":"2024-06-27T06:43:42+00:00","og_image":[{"url":"https:\/\/www.biovox.systems\/wp-content\/uploads\/2021\/08\/Biovox-Graphics_Triangle-8-1024x1024.png","type":"","width":"","height":""}],"twitter_card":"summary_large_image","twitter_site":"@BiovoxSystems","twitter_misc":{"Estimated reading time":"2 minutes"},"schema":{"@context":"https:\/\/schema.org","@graph":[{"@type":"WebPage","@id":"https:\/\/www.biovox.systems\/newsletter-registration\/","url":"https:\/\/www.biovox.systems\/newsletter-registration\/","name":"BIOVOX Newsletter &#8211; BIOVOX Biokunststoffe","isPartOf":{"@id":"https:\/\/www.biovox.systems\/#website"},"primaryImageOfPage":{"@id":"https:\/\/www.biovox.systems\/newsletter-registration\/#primaryimage"},"image":{"@id":"https:\/\/www.biovox.systems\/newsletter-registration\/#primaryimage"},"thumbnailUrl":"https:\/\/www.biovox.systems\/wp-content\/uploads\/2021\/08\/Biovox-Graphics_Triangle-8-1024x1024.png","datePublished":"2020-06-23T10:18:04+00:00","dateModified":"2024-06-27T06:43:42+00:00","breadcrumb":{"@id":"https:\/\/www.biovox.systems\/newsletter-registration\/#breadcrumb"},"inLanguage":"en-GB","potentialAction":[{"@type":"ReadAction","target":["https:\/\/www.biovox.systems\/newsletter-registration\/"]}]},{"@type":"ImageObject","inLanguage":"en-GB","@id":"https:\/\/www.biovox.systems\/newsletter-registration\/#primaryimage","url":"https:\/\/www.biovox.systems\/wp-content\/uploads\/2021\/08\/Biovox-Graphics_Triangle-8-1024x1024.png","contentUrl":"https:\/\/www.biovox.systems\/wp-content\/uploads\/2021\/08\/Biovox-Graphics_Triangle-8-1024x1024.png"},{"@type":"BreadcrumbList","@id":"https:\/\/www.biovox.systems\/newsletter-registration\/#breadcrumb","itemListElement":[{"@type":"ListItem","position":1,"name":"Home","item":"https:\/\/www.biovox.systems\/"},{"@type":"ListItem","position":2,"name":"BIOVOX Newsletter"}]},{"@type":"WebSite","@id":"https:\/\/www.biovox.systems\/#website","url":"https:\/\/www.biovox.systems\/","name":"BIOVOX Biokunststoffe","description":"Biokunststoffe f\u00fcr Medizintechnik, Laborger\u00e4te, Verbrauchsmaterialien und Lebensmittelkontakt","publisher":{"@id":"https:\/\/www.biovox.systems\/#organization"},"potentialAction":[{"@type":"SearchAction","target":{"@type":"EntryPoint","urlTemplate":"https:\/\/www.biovox.systems\/?s={search_term_string}"},"query-input":{"@type":"PropertyValueSpecification","valueRequired":true,"valueName":"search_term_string"}}],"inLanguage":"en-GB"},{"@type":"Organization","@id":"https:\/\/www.biovox.systems\/#organization","name":"BIOVOX","url":"https:\/\/www.biovox.systems\/","logo":{"@type":"ImageObject","inLanguage":"en-GB","@id":"https:\/\/www.biovox.systems\/#\/schema\/logo\/image\/","url":"https:\/\/www.biovox.systems\/wp-content\/uploads\/2021\/06\/Logo_BIOVOX_komp_png.png","contentUrl":"https:\/\/www.biovox.systems\/wp-content\/uploads\/2021\/06\/Logo_BIOVOX_komp_png.png","width":1920,"height":600,"caption":"BIOVOX"},"image":{"@id":"https:\/\/www.biovox.systems\/#\/schema\/logo\/image\/"},"sameAs":["https:\/\/www.facebook.com\/BIOVOXsystems","https:\/\/x.com\/BiovoxSystems","https:\/\/www.instagram.com\/biovox.systems","https:\/\/www.linkedin.com\/company\/30762147","https:\/\/www.youtube.com\/channel\/UCzoqJ3T4WXelXspchGO2_gA"]}]}},"_links":{"self":[{"href":"https:\/\/www.biovox.systems\/en\/wp-json\/wp\/v2\/pages\/506","targetHints":{"allow":["GET"]}}],"collection":[{"href":"https:\/\/www.biovox.systems\/en\/wp-json\/wp\/v2\/pages"}],"about":[{"href":"https:\/\/www.biovox.systems\/en\/wp-json\/wp\/v2\/types\/page"}],"author":[{"embeddable":true,"href":"https:\/\/www.biovox.systems\/en\/wp-json\/wp\/v2\/users\/1"}],"replies":[{"embeddable":true,"href":"https:\/\/www.biovox.systems\/en\/wp-json\/wp\/v2\/comments?post=506"}],"version-history":[{"count":15,"href":"https:\/\/www.biovox.systems\/en\/wp-json\/wp\/v2\/pages\/506\/revisions"}],"predecessor-version":[{"id":20336,"href":"https:\/\/www.biovox.systems\/en\/wp-json\/wp\/v2\/pages\/506\/revisions\/20336"}],"wp:attachment":[{"href":"https:\/\/www.biovox.systems\/en\/wp-json\/wp\/v2\/media?parent=506"}],"curies":[{"name":"wp","href":"https:\/\/api.w.org\/{rel}","templated":true}]}}